{"id":4807,"date":"2020-12-30T17:57:00","date_gmt":"2020-12-30T17:57:00","guid":{"rendered":"http:\/\/portaileduc.net\/website\/?page_id=4807"},"modified":"2020-12-30T18:14:49","modified_gmt":"2020-12-30T18:14:49","slug":"jonathan-ponsard","status":"publish","type":"page","link":"https:\/\/portaileduc.net\/website\/jonathan-ponsard\/","title":{"rendered":"Jonathan Ponsard"},"content":{"rendered":"<div class=\"entry-content\">\n<p><a href=\"https:\/\/i0.wp.com\/portaileduc.net\/website\/wp-content\/uploads\/2020\/12\/jona.jpg\"><img data-recalc-dims=\"1\" loading=\"lazy\" decoding=\"async\" class=\"size-full wp-image-4808 alignright\" src=\"https:\/\/i0.wp.com\/portaileduc.net\/website\/wp-content\/uploads\/2020\/12\/jona.jpg?resize=225%2C225\" alt=\"\" width=\"225\" height=\"225\" srcset=\"https:\/\/i0.wp.com\/portaileduc.net\/website\/wp-content\/uploads\/2020\/12\/jona.jpg?w=225&amp;ssl=1 225w, https:\/\/i0.wp.com\/portaileduc.net\/website\/wp-content\/uploads\/2020\/12\/jona.jpg?resize=150%2C150&amp;ssl=1 150w, https:\/\/i0.wp.com\/portaileduc.net\/website\/wp-content\/uploads\/2020\/12\/jona.jpg?resize=50%2C50&amp;ssl=1 50w, https:\/\/i0.wp.com\/portaileduc.net\/website\/wp-content\/uploads\/2020\/12\/jona.jpg?resize=70%2C70&amp;ssl=1 70w, https:\/\/i0.wp.com\/portaileduc.net\/website\/wp-content\/uploads\/2020\/12\/jona.jpg?resize=125%2C125&amp;ssl=1 125w\" sizes=\"auto, (max-width: 225px) 100vw, 225px\" \/><\/a>Jonathan Ponsard est \u00e0 la fois instituteur primaire et Technop\u00e9dagogue. Pendant plusieurs ann\u00e9es, il s\u2019est occup\u00e9 d\u2019une classe d\u2019\u00e9l\u00e8ves \u00e0 besoins sp\u00e9cifiques. Pour motiver ses \u00e9l\u00e8ves et leur permettre de retrouver le go\u00fbt d\u2019apprendre, il leur a propos\u00e9 une p\u00e9dagogie alternative.<\/p>\n<p>Celle-ci int\u00e8gre de nombreux outils comme la p\u00e9dagogie positive, les intelligences multiples, le jeu d\u2019\u00e9checs et l\u2019int\u00e9gration du num\u00e9rique dans les apprentissages avec comme finalit\u00e9 de d\u00e9velopper le plaisir d\u2019apprendre.<\/p>\n<p>Aujourd\u2019hui, il int\u00e8gre cette p\u00e9dagogie dans une \u00e9cole fondamentale mais aussi au sein d\u2019un espace de formations, de partage et d\u2019exp\u00e9rimentations p\u00e9dagogiques et num\u00e9riques : <a href=\"http:\/\/www.edu-lab.be\/\" target=\"_blank\" rel=\"noopener noreferrer\">l\u2019EduLab<\/a> dont il est le responsable.<\/p>\n<\/div>\n","protected":false},"excerpt":{"rendered":"<p>Jonathan Ponsard est \u00e0 la fois instituteur primaire et Technop\u00e9dagogue. Pendant plusieurs ann\u00e9es, il s\u2019est occup\u00e9 d\u2019une classe d\u2019\u00e9l\u00e8ves \u00e0 besoins sp\u00e9cifiques. Pour motiver ses \u00e9l\u00e8ves et leur permettre de retrouver le go\u00fbt d\u2019apprendre, il leur a propos\u00e9 une p\u00e9dagogie alternative. Celle-ci int\u00e8gre de nombreux outils comme la p\u00e9dagogie positive, les intelligences multiples, le jeu [&hellip;]<\/p>\n","protected":false},"author":2,"featured_media":0,"parent":0,"menu_order":0,"comment_status":"closed","ping_status":"closed","template":"","meta":{"footnotes":""},"class_list":["post-4807","page","type-page","status-publish","czr-hentry"],"jetpack_sharing_enabled":true,"jetpack_shortlink":"https:\/\/wp.me\/P6aRPV-1fx","jetpack-related-posts":[],"jetpack_likes_enabled":true,"_links":{"self":[{"href":"https:\/\/portaileduc.net\/website\/wp-json\/wp\/v2\/pages\/4807","targetHints":{"allow":["GET"]}}],"collection":[{"href":"https:\/\/portaileduc.net\/website\/wp-json\/wp\/v2\/pages"}],"about":[{"href":"https:\/\/portaileduc.net\/website\/wp-json\/wp\/v2\/types\/page"}],"author":[{"embeddable":true,"href":"https:\/\/portaileduc.net\/website\/wp-json\/wp\/v2\/users\/2"}],"replies":[{"embeddable":true,"href":"https:\/\/portaileduc.net\/website\/wp-json\/wp\/v2\/comments?post=4807"}],"version-history":[{"count":1,"href":"https:\/\/portaileduc.net\/website\/wp-json\/wp\/v2\/pages\/4807\/revisions"}],"predecessor-version":[{"id":4809,"href":"https:\/\/portaileduc.net\/website\/wp-json\/wp\/v2\/pages\/4807\/revisions\/4809"}],"wp:attachment":[{"href":"https:\/\/portaileduc.net\/website\/wp-json\/wp\/v2\/media?parent=4807"}],"curies":[{"name":"wp","href":"https:\/\/api.w.org\/{rel}","templated":true}]}}