{"id":4794,"date":"2020-12-30T17:46:51","date_gmt":"2020-12-30T17:46:51","guid":{"rendered":"http:\/\/portaileduc.net\/website\/?page_id=4794"},"modified":"2020-12-30T18:16:43","modified_gmt":"2020-12-30T18:16:43","slug":"olivier-benit","status":"publish","type":"page","link":"https:\/\/portaileduc.net\/website\/olivier-benit\/","title":{"rendered":"Olivier B\u00e9nit"},"content":{"rendered":"<p><a href=\"https:\/\/i0.wp.com\/portaileduc.net\/website\/wp-content\/uploads\/2020\/12\/olivier.jpg\"><img data-recalc-dims=\"1\" loading=\"lazy\" decoding=\"async\" class=\"size-medium wp-image-4798 alignright\" src=\"https:\/\/i0.wp.com\/portaileduc.net\/website\/wp-content\/uploads\/2020\/12\/olivier-300x300.jpg?resize=300%2C300\" alt=\"\" width=\"300\" height=\"300\" srcset=\"https:\/\/i0.wp.com\/portaileduc.net\/website\/wp-content\/uploads\/2020\/12\/olivier.jpg?resize=300%2C300&amp;ssl=1 300w, https:\/\/i0.wp.com\/portaileduc.net\/website\/wp-content\/uploads\/2020\/12\/olivier.jpg?resize=1024%2C1024&amp;ssl=1 1024w, https:\/\/i0.wp.com\/portaileduc.net\/website\/wp-content\/uploads\/2020\/12\/olivier.jpg?resize=150%2C150&amp;ssl=1 150w, https:\/\/i0.wp.com\/portaileduc.net\/website\/wp-content\/uploads\/2020\/12\/olivier.jpg?resize=768%2C768&amp;ssl=1 768w, https:\/\/i0.wp.com\/portaileduc.net\/website\/wp-content\/uploads\/2020\/12\/olivier.jpg?resize=50%2C50&amp;ssl=1 50w, https:\/\/i0.wp.com\/portaileduc.net\/website\/wp-content\/uploads\/2020\/12\/olivier.jpg?resize=70%2C70&amp;ssl=1 70w, https:\/\/i0.wp.com\/portaileduc.net\/website\/wp-content\/uploads\/2020\/12\/olivier.jpg?resize=246%2C246&amp;ssl=1 246w, https:\/\/i0.wp.com\/portaileduc.net\/website\/wp-content\/uploads\/2020\/12\/olivier.jpg?resize=276%2C276&amp;ssl=1 276w, https:\/\/i0.wp.com\/portaileduc.net\/website\/wp-content\/uploads\/2020\/12\/olivier.jpg?resize=125%2C125&amp;ssl=1 125w, https:\/\/i0.wp.com\/portaileduc.net\/website\/wp-content\/uploads\/2020\/12\/olivier.jpg?w=1505&amp;ssl=1 1505w\" sizes=\"auto, (max-width: 300px) 100vw, 300px\" \/><\/a>Olivier B\u00e9nit est enseignant de formation, AESI Fran\u00e7ais-Religion. Il occupe actuellement une fonction de secr\u00e9taire de Direction dans une \u00e9cole secondaire. Il est \u00e9galement enseignant en promotion sociale au CAP.<\/p>\n<p>&nbsp;<\/p>\n","protected":false},"excerpt":{"rendered":"<p>Olivier B\u00e9nit est enseignant de formation, AESI Fran\u00e7ais-Religion. Il occupe actuellement une fonction de secr\u00e9taire de Direction dans une \u00e9cole secondaire. Il est \u00e9galement enseignant en promotion sociale au CAP. &nbsp;<\/p>\n","protected":false},"author":2,"featured_media":0,"parent":0,"menu_order":0,"comment_status":"closed","ping_status":"closed","template":"","meta":{"jetpack_post_was_ever_published":false,"footnotes":""},"class_list":["post-4794","page","type-page","status-publish","czr-hentry"],"jetpack_sharing_enabled":true,"jetpack_shortlink":"https:\/\/wp.me\/P6aRPV-1fk","jetpack-related-posts":[],"jetpack_likes_enabled":true,"_links":{"self":[{"href":"https:\/\/portaileduc.net\/website\/wp-json\/wp\/v2\/pages\/4794","targetHints":{"allow":["GET"]}}],"collection":[{"href":"https:\/\/portaileduc.net\/website\/wp-json\/wp\/v2\/pages"}],"about":[{"href":"https:\/\/portaileduc.net\/website\/wp-json\/wp\/v2\/types\/page"}],"author":[{"embeddable":true,"href":"https:\/\/portaileduc.net\/website\/wp-json\/wp\/v2\/users\/2"}],"replies":[{"embeddable":true,"href":"https:\/\/portaileduc.net\/website\/wp-json\/wp\/v2\/comments?post=4794"}],"version-history":[{"count":1,"href":"https:\/\/portaileduc.net\/website\/wp-json\/wp\/v2\/pages\/4794\/revisions"}],"predecessor-version":[{"id":4799,"href":"https:\/\/portaileduc.net\/website\/wp-json\/wp\/v2\/pages\/4794\/revisions\/4799"}],"wp:attachment":[{"href":"https:\/\/portaileduc.net\/website\/wp-json\/wp\/v2\/media?parent=4794"}],"curies":[{"name":"wp","href":"https:\/\/api.w.org\/{rel}","templated":true}]}}