{"id":4792,"date":"2020-12-30T17:51:18","date_gmt":"2020-12-30T17:51:18","guid":{"rendered":"http:\/\/portaileduc.net\/website\/?page_id=4792"},"modified":"2020-12-30T18:16:52","modified_gmt":"2020-12-30T18:16:52","slug":"charlotte-preat","status":"publish","type":"page","link":"https:\/\/portaileduc.net\/website\/charlotte-preat\/","title":{"rendered":"Charlotte Pr\u00e9at"},"content":{"rendered":"<p><a href=\"https:\/\/i0.wp.com\/portaileduc.net\/website\/wp-content\/uploads\/2020\/12\/Charlotte.jpg\"><img data-recalc-dims=\"1\" loading=\"lazy\" decoding=\"async\" class=\"size-medium wp-image-4802 alignright\" src=\"https:\/\/i0.wp.com\/portaileduc.net\/website\/wp-content\/uploads\/2020\/12\/Charlotte-300x300.jpg?resize=300%2C300\" alt=\"\" width=\"300\" height=\"300\" srcset=\"https:\/\/i0.wp.com\/portaileduc.net\/website\/wp-content\/uploads\/2020\/12\/Charlotte.jpg?resize=300%2C300&amp;ssl=1 300w, https:\/\/i0.wp.com\/portaileduc.net\/website\/wp-content\/uploads\/2020\/12\/Charlotte.jpg?resize=150%2C150&amp;ssl=1 150w, https:\/\/i0.wp.com\/portaileduc.net\/website\/wp-content\/uploads\/2020\/12\/Charlotte.jpg?resize=50%2C50&amp;ssl=1 50w, https:\/\/i0.wp.com\/portaileduc.net\/website\/wp-content\/uploads\/2020\/12\/Charlotte.jpg?resize=70%2C70&amp;ssl=1 70w, https:\/\/i0.wp.com\/portaileduc.net\/website\/wp-content\/uploads\/2020\/12\/Charlotte.jpg?resize=246%2C246&amp;ssl=1 246w, https:\/\/i0.wp.com\/portaileduc.net\/website\/wp-content\/uploads\/2020\/12\/Charlotte.jpg?resize=276%2C276&amp;ssl=1 276w, https:\/\/i0.wp.com\/portaileduc.net\/website\/wp-content\/uploads\/2020\/12\/Charlotte.jpg?resize=125%2C125&amp;ssl=1 125w, https:\/\/i0.wp.com\/portaileduc.net\/website\/wp-content\/uploads\/2020\/12\/Charlotte.jpg?w=651&amp;ssl=1 651w\" sizes=\"auto, (max-width: 300px) 100vw, 300px\" \/><\/a>Charlotte Pr\u00e9at est doctorante en Sciences de l\u2019Information et de la Communication au sein du Groupe de Recherche en M\u00e9diation des Savoirs (GReMS) de l\u2019UCLouvain.<\/p>\n<p>Elle a entam\u00e9, fin 2017, une th\u00e8se sur les pratiques d\u2019enseignement incluant du jeu \u2013 en tant qu\u2019objets mat\u00e9riels (jeux de soci\u00e9t\u00e9, jeux de cartes, jeux num\u00e9riques, etc.) et symboliques (\u00e9tat d\u2019esprit ou m\u00e9caniques) \u2013 des instituteur.trice.s primaires de la F\u00e9d\u00e9ration Wallonie-Bruxelles.<\/p>\n<p>Son objectif est double : d\u2019une part, documenter la diversit\u00e9 des pratiques actuelles en Belgique francophone et, d&rsquo;autre part, comprendre ces pratiques en suivant un \u00e9chantillon d\u2019instituteur.trice.s durant une ann\u00e9e scolaire et en envisageant les perspectives des diff\u00e9rents acteurs du terrain d\u2019\u00e9tude (les instituteur.trice.s mais aussi leurs \u00e9l\u00e8ves et les acteur.trice.s contextuel.le.s qui influencent leurs pratiques).<\/p>\n","protected":false},"excerpt":{"rendered":"<p>Charlotte Pr\u00e9at est doctorante en Sciences de l\u2019Information et de la Communication au sein du Groupe de Recherche en M\u00e9diation des Savoirs (GReMS) de l\u2019UCLouvain. Elle a entam\u00e9, fin 2017, une th\u00e8se sur les pratiques d\u2019enseignement incluant du jeu \u2013 en tant qu\u2019objets mat\u00e9riels (jeux de soci\u00e9t\u00e9, jeux de cartes, jeux num\u00e9riques, etc.) et symboliques [&hellip;]<\/p>\n","protected":false},"author":2,"featured_media":0,"parent":0,"menu_order":0,"comment_status":"closed","ping_status":"closed","template":"","meta":{"footnotes":""},"class_list":["post-4792","page","type-page","status-publish","czr-hentry"],"jetpack_sharing_enabled":true,"jetpack_shortlink":"https:\/\/wp.me\/P6aRPV-1fi","jetpack-related-posts":[],"jetpack_likes_enabled":true,"_links":{"self":[{"href":"https:\/\/portaileduc.net\/website\/wp-json\/wp\/v2\/pages\/4792","targetHints":{"allow":["GET"]}}],"collection":[{"href":"https:\/\/portaileduc.net\/website\/wp-json\/wp\/v2\/pages"}],"about":[{"href":"https:\/\/portaileduc.net\/website\/wp-json\/wp\/v2\/types\/page"}],"author":[{"embeddable":true,"href":"https:\/\/portaileduc.net\/website\/wp-json\/wp\/v2\/users\/2"}],"replies":[{"embeddable":true,"href":"https:\/\/portaileduc.net\/website\/wp-json\/wp\/v2\/comments?post=4792"}],"version-history":[{"count":1,"href":"https:\/\/portaileduc.net\/website\/wp-json\/wp\/v2\/pages\/4792\/revisions"}],"predecessor-version":[{"id":4803,"href":"https:\/\/portaileduc.net\/website\/wp-json\/wp\/v2\/pages\/4792\/revisions\/4803"}],"wp:attachment":[{"href":"https:\/\/portaileduc.net\/website\/wp-json\/wp\/v2\/media?parent=4792"}],"curies":[{"name":"wp","href":"https:\/\/api.w.org\/{rel}","templated":true}]}}