{"id":4778,"date":"2020-12-30T17:17:58","date_gmt":"2020-12-30T17:17:58","guid":{"rendered":"http:\/\/portaileduc.net\/website\/?page_id=4778"},"modified":"2020-12-30T18:16:34","modified_gmt":"2020-12-30T18:16:34","slug":"jeremy-lambert","status":"publish","type":"page","link":"https:\/\/portaileduc.net\/website\/jeremy-lambert\/","title":{"rendered":"J\u00e9r\u00e9my Lambert"},"content":{"rendered":"<p><a href=\"http:\/\/portaileduc.net\/website\/jeremy-lambert\/jeremy-lambert\/\" rel=\"attachment wp-att-1712\"><img data-recalc-dims=\"1\" loading=\"lazy\" decoding=\"async\" class=\"alignright wp-image-1712 size-thumbnail\" src=\"https:\/\/i0.wp.com\/portaileduc.net\/website\/wp-content\/uploads\/2019\/01\/jeremy-lambert-150x150.jpg?resize=150%2C150\" alt=\"\" width=\"150\" height=\"150\" srcset=\"https:\/\/i0.wp.com\/portaileduc.net\/website\/wp-content\/uploads\/2019\/01\/jeremy-lambert.jpg?resize=150%2C150&amp;ssl=1 150w, https:\/\/i0.wp.com\/portaileduc.net\/website\/wp-content\/uploads\/2019\/01\/jeremy-lambert.jpg?resize=300%2C300&amp;ssl=1 300w, https:\/\/i0.wp.com\/portaileduc.net\/website\/wp-content\/uploads\/2019\/01\/jeremy-lambert.jpg?resize=768%2C768&amp;ssl=1 768w, https:\/\/i0.wp.com\/portaileduc.net\/website\/wp-content\/uploads\/2019\/01\/jeremy-lambert.jpg?resize=50%2C50&amp;ssl=1 50w, https:\/\/i0.wp.com\/portaileduc.net\/website\/wp-content\/uploads\/2019\/01\/jeremy-lambert.jpg?resize=160%2C160&amp;ssl=1 160w, https:\/\/i0.wp.com\/portaileduc.net\/website\/wp-content\/uploads\/2019\/01\/jeremy-lambert.jpg?resize=320%2C320&amp;ssl=1 320w, https:\/\/i0.wp.com\/portaileduc.net\/website\/wp-content\/uploads\/2019\/01\/jeremy-lambert.jpg?w=800&amp;ssl=1 800w\" sizes=\"auto, (max-width: 150px) 100vw, 150px\" \/><\/a>J\u00e9r\u00e9my Lambert est conseiller en p\u00e9dagogie num\u00e9rique et enseignant au CPFB (Centre d\u2019enseignement sup\u00e9rieur de promotion et de formation continu\u00e9e en Brabant wallon), o\u00f9 il donne des cours de communication orient\u00e9e vers l\u2019enseignement.<\/p>\n<p>Il est \u00e9galement chercheur au Centre de recherche sur l\u2019imaginaire de l\u2019UCLouvain. (<a href=\"https:\/\/uclouvain.be\/fr\/instituts-recherche\/incal\/cri\">https:\/\/uclouvain.be\/fr\/instituts-recherche\/incal\/cri<\/a>)<\/p>\n","protected":false},"excerpt":{"rendered":"<p>J\u00e9r\u00e9my Lambert est conseiller en p\u00e9dagogie num\u00e9rique et enseignant au CPFB (Centre d\u2019enseignement sup\u00e9rieur de promotion et de formation continu\u00e9e en Brabant wallon), o\u00f9 il donne des cours de communication orient\u00e9e vers l\u2019enseignement. Il est \u00e9galement chercheur au Centre de recherche sur l\u2019imaginaire de l\u2019UCLouvain. (https:\/\/uclouvain.be\/fr\/instituts-recherche\/incal\/cri)<\/p>\n","protected":false},"author":2,"featured_media":0,"parent":0,"menu_order":0,"comment_status":"closed","ping_status":"closed","template":"","meta":{"jetpack_post_was_ever_published":false,"footnotes":""},"class_list":["post-4778","page","type-page","status-publish","czr-hentry"],"jetpack_sharing_enabled":true,"jetpack_shortlink":"https:\/\/wp.me\/P6aRPV-1f4","jetpack-related-posts":[],"jetpack_likes_enabled":true,"_links":{"self":[{"href":"https:\/\/portaileduc.net\/website\/wp-json\/wp\/v2\/pages\/4778","targetHints":{"allow":["GET"]}}],"collection":[{"href":"https:\/\/portaileduc.net\/website\/wp-json\/wp\/v2\/pages"}],"about":[{"href":"https:\/\/portaileduc.net\/website\/wp-json\/wp\/v2\/types\/page"}],"author":[{"embeddable":true,"href":"https:\/\/portaileduc.net\/website\/wp-json\/wp\/v2\/users\/2"}],"replies":[{"embeddable":true,"href":"https:\/\/portaileduc.net\/website\/wp-json\/wp\/v2\/comments?post=4778"}],"version-history":[{"count":1,"href":"https:\/\/portaileduc.net\/website\/wp-json\/wp\/v2\/pages\/4778\/revisions"}],"predecessor-version":[{"id":4780,"href":"https:\/\/portaileduc.net\/website\/wp-json\/wp\/v2\/pages\/4778\/revisions\/4780"}],"wp:attachment":[{"href":"https:\/\/portaileduc.net\/website\/wp-json\/wp\/v2\/media?parent=4778"}],"curies":[{"name":"wp","href":"https:\/\/api.w.org\/{rel}","templated":true}]}}