{"id":4776,"date":"2020-12-30T17:17:08","date_gmt":"2020-12-30T17:17:08","guid":{"rendered":"http:\/\/portaileduc.net\/website\/?page_id=4776"},"modified":"2020-12-30T18:16:38","modified_gmt":"2020-12-30T18:16:38","slug":"gael-gilson","status":"publish","type":"page","link":"https:\/\/portaileduc.net\/website\/gael-gilson\/","title":{"rendered":"Ga\u00ebl Gilson"},"content":{"rendered":"<p><strong><a href=\"http:\/\/portaileduc.net\/website\/gael-gilson\/gaelgilson\/\" rel=\"attachment wp-att-4357\"><img data-recalc-dims=\"1\" loading=\"lazy\" decoding=\"async\" class=\"alignright wp-image-4357 size-thumbnail\" src=\"https:\/\/i0.wp.com\/portaileduc.net\/website\/wp-content\/uploads\/2019\/01\/GaelGilson-150x150.jpg?resize=150%2C150\" alt=\"\" width=\"150\" height=\"150\" srcset=\"https:\/\/i0.wp.com\/portaileduc.net\/website\/wp-content\/uploads\/2019\/01\/GaelGilson.jpg?resize=150%2C150&amp;ssl=1 150w, https:\/\/i0.wp.com\/portaileduc.net\/website\/wp-content\/uploads\/2019\/01\/GaelGilson.jpg?resize=300%2C300&amp;ssl=1 300w, https:\/\/i0.wp.com\/portaileduc.net\/website\/wp-content\/uploads\/2019\/01\/GaelGilson.jpg?resize=768%2C768&amp;ssl=1 768w, https:\/\/i0.wp.com\/portaileduc.net\/website\/wp-content\/uploads\/2019\/01\/GaelGilson.jpg?resize=50%2C50&amp;ssl=1 50w, https:\/\/i0.wp.com\/portaileduc.net\/website\/wp-content\/uploads\/2019\/01\/GaelGilson.jpg?resize=510%2C510&amp;ssl=1 510w, https:\/\/i0.wp.com\/portaileduc.net\/website\/wp-content\/uploads\/2019\/01\/GaelGilson.jpg?w=888&amp;ssl=1 888w\" sizes=\"auto, (max-width: 150px) 100vw, 150px\" \/><\/a>Ga\u00ebl Gilson<\/strong>\u00a0est doctorant \u00e0 l\u2019UCLouvain en Sciences de l\u2019Information et de la Communication.<\/p>\n<p>Sa th\u00e8se, engag\u00e9e en 2017, vise \u00e0 d\u00e9velopper des propositions d\u2019\u00e9ducation au jeu vid\u00e9o en privil\u00e9giant une approche rh\u00e9torique du game design.<\/p>\n<p>Il s\u2019int\u00e9resse \u00e0 l\u2019utilisation du jeu vid\u00e9o en contexte scolaire et \u00e0 la dimension autobiographique de ce m\u00e9dium.<\/p>\n<p>Membre du Groupe de Recherche en M\u00e9diation des Savoirs (GReMS) \u00e0 l\u2019UCLouvain, il est \u00e9galement titulaire d\u2019un master en sciences de l\u2019\u00e9ducation et enseigne le fran\u00e7ais et le fran\u00e7ais langue \u00e9trang\u00e8re en secondaire.<\/p>\n<p>Son blog de recherche :\u00a0<u><a href=\"https:\/\/luduminvaders.wordpress.com\/\">https:\/\/luduminvaders.wordpress.com<\/a><\/u><\/p>\n","protected":false},"excerpt":{"rendered":"<p>Ga\u00ebl Gilson\u00a0est doctorant \u00e0 l\u2019UCLouvain en Sciences de l\u2019Information et de la Communication. Sa th\u00e8se, engag\u00e9e en 2017, vise \u00e0 d\u00e9velopper des propositions d\u2019\u00e9ducation au jeu vid\u00e9o en privil\u00e9giant une approche rh\u00e9torique du game design. Il s\u2019int\u00e9resse \u00e0 l\u2019utilisation du jeu vid\u00e9o en contexte scolaire et \u00e0 la dimension autobiographique de ce m\u00e9dium. Membre du [&hellip;]<\/p>\n","protected":false},"author":2,"featured_media":0,"parent":0,"menu_order":0,"comment_status":"closed","ping_status":"closed","template":"","meta":{"jetpack_post_was_ever_published":false,"footnotes":""},"class_list":["post-4776","page","type-page","status-publish","czr-hentry"],"jetpack_sharing_enabled":true,"jetpack_shortlink":"https:\/\/wp.me\/P6aRPV-1f2","jetpack-related-posts":[],"jetpack_likes_enabled":true,"_links":{"self":[{"href":"https:\/\/portaileduc.net\/website\/wp-json\/wp\/v2\/pages\/4776","targetHints":{"allow":["GET"]}}],"collection":[{"href":"https:\/\/portaileduc.net\/website\/wp-json\/wp\/v2\/pages"}],"about":[{"href":"https:\/\/portaileduc.net\/website\/wp-json\/wp\/v2\/types\/page"}],"author":[{"embeddable":true,"href":"https:\/\/portaileduc.net\/website\/wp-json\/wp\/v2\/users\/2"}],"replies":[{"embeddable":true,"href":"https:\/\/portaileduc.net\/website\/wp-json\/wp\/v2\/comments?post=4776"}],"version-history":[{"count":1,"href":"https:\/\/portaileduc.net\/website\/wp-json\/wp\/v2\/pages\/4776\/revisions"}],"predecessor-version":[{"id":4777,"href":"https:\/\/portaileduc.net\/website\/wp-json\/wp\/v2\/pages\/4776\/revisions\/4777"}],"wp:attachment":[{"href":"https:\/\/portaileduc.net\/website\/wp-json\/wp\/v2\/media?parent=4776"}],"curies":[{"name":"wp","href":"https:\/\/api.w.org\/{rel}","templated":true}]}}