{"id":443,"date":"2016-12-30T07:04:42","date_gmt":"2016-12-30T07:04:42","guid":{"rendered":"http:\/\/portaileduc.net\/website\/?page_id=443"},"modified":"2017-05-11T09:47:03","modified_gmt":"2017-05-11T09:47:03","slug":"sites-pour-lenseignement-primaire","status":"publish","type":"page","link":"https:\/\/portaileduc.net\/website\/sites-pour-lenseignement-primaire\/","title":{"rendered":"Sites pour le primaire"},"content":{"rendered":"<h3><a href=\"https:\/\/i0.wp.com\/portaileduc.net\/website\/wp-content\/uploads\/2016\/12\/Sites-Primaire.png\"><img data-recalc-dims=\"1\" loading=\"lazy\" decoding=\"async\" class=\"size-medium wp-image-446 alignright\" src=\"https:\/\/i0.wp.com\/portaileduc.net\/website\/wp-content\/uploads\/2016\/12\/Sites-Primaire-300x112.png?resize=300%2C112\" alt=\"\" width=\"300\" height=\"112\" srcset=\"https:\/\/i0.wp.com\/portaileduc.net\/website\/wp-content\/uploads\/2016\/12\/Sites-Primaire.png?resize=300%2C112&amp;ssl=1 300w, https:\/\/i0.wp.com\/portaileduc.net\/website\/wp-content\/uploads\/2016\/12\/Sites-Primaire.png?resize=50%2C19&amp;ssl=1 50w, https:\/\/i0.wp.com\/portaileduc.net\/website\/wp-content\/uploads\/2016\/12\/Sites-Primaire.png?w=600&amp;ssl=1 600w\" sizes=\"auto, (max-width: 300px) 100vw, 300px\" \/><\/a>Une s\u00e9lection de sites internet pour l&rsquo;enseignement primaire<\/h3>\n<h3><\/h3>\n<h3>40 sites \u00e0 (re)visiter pour trouver des id\u00e9es, des ressources, des outils, \u2026 pour le primaire<\/h3>\n<p>&nbsp;<\/p>\n<p>&nbsp;<\/p>\n<h2>Bout de gomme<\/h2>\n<p>Un blog, une mine d\u2019or o\u00f9 on retrouve de splendides ressources pour le primaire<\/p>\n<p><a href=\"http:\/\/boutdegomme.fr\/\"><strong><em>http:\/\/boutdegomme.fr\/<\/em><\/strong><\/a><\/p>\n<p>&nbsp;<\/p>\n<h2>Caracolus<\/h2>\n<p>Le blog d&rsquo;un escargot farceur qui adore la lecture et propose des activit\u00e9s pour apprendre \u00e0 lire. Ressources pour le CP, le CE1 et le CE2 \/ 1<sup>e<\/sup>-2<sup>e<\/sup> et 3<sup>e<\/sup> primaires<\/p>\n<p><a href=\"http:\/\/www.caracolus.fr\/\"><strong><em>http:\/\/www.caracolus.fr\/<\/em><\/strong><\/a><\/p>\n<p>&nbsp;<\/p>\n<h2>Cenicienta<\/h2>\n<p>Ressources scolaires pour le cycle 3 (CE2, CM1, CM2 \u2013 3<sup>e<\/sup>, 4<sup>e<\/sup> et 5<sup>e<\/sup> primaires): s\u00e9quences p\u00e9dagogiques, outils pour enseignants ou la classe<\/p>\n<p><a href=\"http:\/\/cenicienta.fr\/\"><strong><em>http:\/\/cenicienta.fr\/<\/em><\/strong><\/a><\/p>\n<p>&nbsp;<\/p>\n<h2>Couleurs d\u2019instit<\/h2>\n<p>Ermeline invite \u00e0 la d\u00e9couverte et \u00e0 la cr\u00e9ation .Cette enseignante a d\u00e9cid\u00e9 de partager ses d\u00e9couvertes et ses cr\u00e9ations pour le primaire<\/p>\n<p><a href=\"http:\/\/couleursdinstit.eu\/\"><strong><em>http:\/\/couleursdinstit.eu\/<\/em><\/strong><\/a><\/p>\n<p>&nbsp;<\/p>\n<h2>Classe primaire<\/h2>\n<p>Ce site cr\u00e9\u00e9 par un enseignant pour les enfants, les parents et d&rsquo;autres enseignants s&rsquo;adresse aux classes du cycle sup\u00e9rieur. Vous y trouverez des pistes et des ressources.<\/p>\n<p><a href=\"http:\/\/www.classeprimaire.be\"><strong><em>http:\/\/www.classeprimaire.be<\/em><\/strong><\/a><\/p>\n<p>&nbsp;<\/p>\n<h2>Crapouilleries<\/h2>\n<p>L&rsquo;univers d&rsquo;une professeur des \u00e9coles en cp\/ce1 (1e primaire \/ 2e primaire), bidouilleuse inv\u00e9t\u00e9r\u00e9e, qui propose et partage des activit\u00e9s pr\u00e9paratoires et fiches sons, des ateliers math\u00e9matiques et plein d&rsquo;autres choses<\/p>\n<p><a href=\"http:\/\/www.crapouilleries.net\"><strong><em>http:\/\/www.crapouilleries.net<\/em><\/strong><\/a><\/p>\n<p>&nbsp;<\/p>\n<h2>Crayons cahiers sourires<\/h2>\n<p>Un site plein de ressources originales et int\u00e9ressantes pour le maternel et le primaire <a href=\"http:\/\/www.crayonscahierssourires.com\/\"><strong><em>http:\/\/www.crayonscahierssourires.com\/<\/em><\/strong><\/a><\/p>\n<p>&nbsp;<\/p>\n<h2>Dix mois, le temps d&rsquo;une ann\u00e9e scolaire.<\/h2>\n<p>Un blog avec des ressources, des jeux, des fiches et des liens pour le primaire<\/p>\n<p><a href=\"http:\/\/www.dixmois.fr\/\"><strong><em>http:\/\/www.dixmois.fr\/<\/em><\/strong><\/a><\/p>\n<p>&nbsp;<\/p>\n<h2>Fofy \u00e0 l&rsquo;\u00e9cole<\/h2>\n<p>Des ressources pour le primaire\u00a0; mention particuli\u00e8re pour les excellentes activit\u00e9s en langues<\/p>\n<p><a href=\"http:\/\/www.fofyalecole.fr\/\"><strong><em>http:\/\/www.fofyalecole.fr\/<\/em><\/strong><\/a><\/p>\n<p>&nbsp;<\/p>\n<h2>Le cartable des loulous<\/h2>\n<p>Un site g\u00e9r\u00e9 par deux enseignantes qui r\u00e9coltent, cr\u00e9ent et organisent des articles pour aider leurs \u00e9l\u00e8ves \u00e0 travailler avant et apr\u00e8s la classe \u00e0 la maison.<\/p>\n<p><a href=\"http:\/\/lecartabledesloulous.eklablog.com\/\"><strong><em>http:\/\/lecartabledesloulous.eklablog.com\/<\/em><\/strong><\/a><\/p>\n<p>&nbsp;<\/p>\n<h2>La classe bleue<\/h2>\n<p>Un blog enseignant qui propose, p\u00eale-m\u00eale, de nombreuses et diverses ressources p\u00e9dagogiques pour la maternelle et l\u2019\u00e9l\u00e9mentaire (surtout cycle 3). Vous y trouverez des le\u00e7ons, des \u00e9valuations, des fiches d\u2019activit\u00e9, des exploitations d\u2019albums et de livres de litt\u00e9rature de jeunesse, des affichages didactiques, des cahiers divers (\u00e9criture, dictionnaire des sons, &#8230;), des r\u00e9partitions, des emplois du temps, etc.<\/p>\n<p><a href=\"http:\/\/laclassebleue.fr\/\"><strong><em>http:\/\/laclassebleue.fr\/<\/em><\/strong><\/a><\/p>\n<p>&nbsp;<\/p>\n<h2>La classe de Fanfan<\/h2>\n<p>De nombreuses et pertinentes ressources (t\u00e9l\u00e9chargeables et modifiables) pour le primaire\u00a0; des centaines d&rsquo;exercices \u00e0 t\u00e9l\u00e9charger, imprimer, modifier, faire en ligne<\/p>\n<p><a href=\"http:\/\/www.classedefanfan.fr\/\"><strong><em>http:\/\/www.classedefanfan.fr\/<\/em><\/strong><\/a><\/p>\n<p>&nbsp;<\/p>\n<h2>La classe de Florent<\/h2>\n<p>Des exercices interactifs en fran\u00e7ais et en math ainsi que des jeux \u00e9ducatifs pour la maternelle et le primaire<\/p>\n<p><a href=\"http:\/\/classedeflorent.fr\/\"><strong><em>http:\/\/classedeflorent.fr\/<\/em><\/strong><\/a><\/p>\n<p>&nbsp;<\/p>\n<h2>La classe des gnomes<\/h2>\n<p>De nombreuses et excellentes ressources pour le primaire (degr\u00e9 moyen &#8211; cycle 3) <a href=\"http:\/\/www.anyssa.org\/classedesgnomes\/\"><strong><em>http:\/\/www.anyssa.org\/classedesgnomes\/<\/em><\/strong><\/a><\/p>\n<p>&nbsp;<\/p>\n<h2>La classe de Mallory<\/h2>\n<p>Mallory enseignante depuis 10 ans dont 7 en cm (4e &#8211; 5e primaire), Mallory met \u00e0 disposition son travail mis en place dans sa classe.<\/p>\n<p><a href=\"http:\/\/www.laclassedemallory.com\/\"><strong><em>http:\/\/www.laclassedemallory.com\/<\/em><\/strong><\/a><\/p>\n<p>&nbsp;<\/p>\n<h2>La classe d&rsquo;olive<\/h2>\n<p>Le blog d\u2019une enseignante de suisse (cp-ce1 \/ 1e-2e primaire) <a href=\"http:\/\/laclassedolive.eklablog.com\/\"><strong><em>http:\/\/laclassedolive.eklablog.com\/<\/em><\/strong><\/a><\/p>\n<p>&nbsp;<\/p>\n<h2>La classe de Myli Breizh<\/h2>\n<p>Sur son blog, cette enseignante partage une partie de ce qu\u2019elle fait avec sa classe de cm1-cm2 (4e-\u00a0 5e primaire)<\/p>\n<p><a href=\"http:\/\/classedemyli.over-blog.com\/\"><strong><em>http:\/\/classedemyli.over-blog.com\/<\/em><\/strong><\/a><\/p>\n<p>&nbsp;<\/p>\n<h2>La trousse de Sobelle<\/h2>\n<p>Des documents, des id\u00e9es, des pratiques de classe, \u2026 des ressources pour le primaire<\/p>\n<p><a href=\"http:\/\/sobelle06.eklablog.com\/\"><strong><em>http:\/\/sobelle06.eklablog.com\/<\/em><\/strong><\/a><\/p>\n<p>&nbsp;<\/p>\n<h2>L&rsquo;\u00e9cole de Julie<\/h2>\n<p>Cette enseignante propose diff\u00e9rentes ressources pour le primaire, sp\u00e9cialement pour le CP et le CE1 (1e primaire &amp; 2e primaire)<\/p>\n<p><a href=\"http:\/\/www.ecoledejulie.fr\/\"><strong><em>http:\/\/www.ecoledejulie.fr\/<\/em><\/strong><\/a><\/p>\n<p>&nbsp;<\/p>\n<h2>Le blog de la grande Maikresse<\/h2>\n<p>Un \u00ab\u00a0fourre tout d&rsquo;une instit landaise\u00a0\u00bb des pistes et des ressources p\u00e9dagogiques<\/p>\n<p><a href=\"http:\/\/www.lagrandemaikresse.fr\/\"><strong><em>http:\/\/www.lagrandemaikresse.fr\/<\/em><\/strong><\/a><\/p>\n<p>&nbsp;<\/p>\n<h2>Le blog de monsieur Mathieu<\/h2>\n<p>Un blog avec des fichiers t\u00e9l\u00e9chargeables pour professeurs des \u00e9coles et instits (GS-CP-CE1-CE2) et surtout une approche p\u00e9dagogique par les jeux<\/p>\n<p><a href=\"http:\/\/lewebpedagogique.com\/monsieurmathieundlronchin\/\"><strong><em>http:\/\/lewebpedagogique.com\/monsieurmathieundlronchin\/<\/em><\/strong><\/a><\/p>\n<p>&nbsp;<\/p>\n<h2>Le (petit) carnet d\u2019Am\u00e9lise<\/h2>\n<p>Des activit\u00e9s pour le cycle 2, des ressources, &#8230;<\/p>\n<p><a href=\"http:\/\/lepetitcarnetdamelise.eklablog.com\/\"><strong><em>http:\/\/lepetitcarnetdamelise.eklablog.com\/<\/em><\/strong><\/a><\/p>\n<p>&nbsp;<\/p>\n<h2>Les cl\u00e9s de la classe<\/h2>\n<p>De magnifiques supports pour l&rsquo;histoire, pour illustrer une frise chronologique ou cr\u00e9er des activit\u00e9s dans cette discipline.<\/p>\n<p><a href=\"http:\/\/www.cleclasse.eu\/\"><strong><em>http:\/\/www.cleclasse.eu\/<\/em><\/strong><\/a><\/p>\n<p>&nbsp;<\/p>\n<h2>Le site d&rsquo;Am\u00e9lie P\u00e9pin<\/h2>\n<p>Des ressources pour 1er cycle du primaire et de magnifiques illustrations sur divers th\u00e8mes <a href=\"http:\/\/www.ameliepepin.com\/scolaire\"><strong><em>http:\/\/www.ameliepepin.com\/scolaire<\/em><\/strong><\/a><\/p>\n<p>&nbsp;<\/p>\n<h2>Le site de Jean<\/h2>\n<p>Des documents, des utilitaires et des ressources bien int\u00e9ressantes pour le primaire<\/p>\n<p><a href=\"http:\/\/jlgrenar.free.fr\/spip\/\"><strong><em>http:\/\/jlgrenar.free.fr\/spip\/<\/em><\/strong><\/a><\/p>\n<p>&nbsp;<\/p>\n<h2>Lutin Bazar<\/h2>\n<p>Un site qui met \u00e0 la disposition des enseignants du primaire, des ressources gratuites pour toutes les mati\u00e8res du CP au CE2<\/p>\n<p><a href=\"http:\/\/lutinbazar.fr\/\"><strong><em>http:\/\/lutinbazar.fr\/<\/em><\/strong><\/a><\/p>\n<p>&nbsp;<\/p>\n<h2>Ipot\u00e2me&#8230; T\u00e2me<\/h2>\n<p>Exercices et jeux de lecture, de math\u00e9matiques, des affichages, des diaporamas, &#8230;<\/p>\n<p><a href=\"https:\/\/ipotame.blogspot.be\/\"><strong><em>https:\/\/ipotame.blogspot.be\/<\/em><\/strong><\/a><\/p>\n<p>&nbsp;<\/p>\n<h2>J\u2019ai toujours voulu \u00eatre ma\u00eetresse<\/h2>\n<p>Entrez dans le blog de cette enseignante qui a \u00ab\u00a0toujours voulu \u00eatre ma\u00eetresse\u00a0\u00bb et qui a d\u00e9cid\u00e9 de partager ses cr\u00e9ations avec les autres<\/p>\n<p><a href=\"http:\/\/jaitoujoursvoulu.eklablog.com\/\"><strong><em>http:\/\/jaitoujoursvoulu.eklablog.com\/<\/em><\/strong><\/a><\/p>\n<p>&nbsp;<\/p>\n<h2>Jeux d&rsquo;\u00e9cole<\/h2>\n<p>Apprendre en jouant, apprendre en coop\u00e9rant,\u00a0apprendre autrement !<\/p>\n<p><a href=\"http:\/\/www.jeuxdecole.net\/\"><strong><em>http:\/\/www.jeuxdecole.net\/<\/em><\/strong><\/a><\/p>\n<p>&nbsp;<\/p>\n<h2>Mais que fait la maitresse ?<\/h2>\n<p>Un blog pour les enseignants de ce1 \/ 2e primaire \u2026 mais pas que\u2026<\/p>\n<p><a href=\"http:\/\/maisquefaitlamaitresse.eklablog.com\/\"><strong><em>http:\/\/maisquefaitlamaitresse.eklablog.com\/<\/em><\/strong><\/a><\/p>\n<p>&nbsp;<\/p>\n<h2>Math au primaire<\/h2>\n<p>Ressources et liens pour les activit\u00e9s math\u00e9matiques<\/p>\n<p><a href=\"http:\/\/mathauprimaire.blogspot.be\/\"><strong><em>http:\/\/mathauprimaire.blogspot.be\/<\/em><\/strong><\/a><\/p>\n<p>&nbsp;<\/p>\n<h2>Melimelune<\/h2>\n<p>Ressources p\u00e9dagogiques pour le ce2 (3e primaire)<\/p>\n<p><a href=\"http:\/\/www.melimelune.com\/\"><strong><em>http:\/\/www.melimelune.com\/<\/em><\/strong><\/a><\/p>\n<p>&nbsp;<\/p>\n<h2>Mon crayon magique<\/h2>\n<p>Le blog d&rsquo;une enseignante primaire dans l&rsquo;enseignement sp\u00e9cialis\u00e9 de type 8 (troubles instrumentaux).<\/p>\n<p><a href=\"http:\/\/mon-crayon-magique.eklablog.com\"><strong><em>http:\/\/mon-crayon-magique.eklablog.com<\/em><\/strong><\/a><\/p>\n<p>&nbsp;<\/p>\n<h2>Orpheecole<\/h2>\n<p>Un superbe blog aux ressources de qualit\u00e9, en particulier les jeux \u00e0 cr\u00e9er pour la classe <a href=\"http:\/\/cycle2.orpheecole.com\/\"><strong><em>http:\/\/cycle2.orpheecole.com\/<\/em><\/strong><\/a><\/p>\n<p>&nbsp;<\/p>\n<h2>Paupilinelle<\/h2>\n<p>Dans son blog, cette institutrice nous emporte dans son univers scolaire. Elle officie dans les classes de ce1 et ce2 et propose ses ressources pour un cours anim\u00e9 et interactif avec ses \u00e9l\u00e8ves.<\/p>\n<p><a href=\"http:\/\/paupilinelle.eklablog.com\/\"><strong><em>http:\/\/paupilinelle.eklablog.com\/<\/em><\/strong><\/a><\/p>\n<p>&nbsp;<\/p>\n<h2>Recreatisse<\/h2>\n<p>Une enseignante propose par ce site le partage de son exp\u00e9rience et de son travail en CE2 &amp; CE1<\/p>\n<p><a href=\"http:\/\/www.recreatisse.com\/\"><strong><em>http:\/\/www.recreatisse.com\/<\/em><\/strong><\/a><\/p>\n<p>&nbsp;<\/p>\n<h2>Teacher charlotte<\/h2>\n<p>Une enseignante propose ses ressources pour le CE1<\/p>\n<p><a href=\"http:\/\/teachercharlotte.blogspot.be\/\"><strong><em>http:\/\/teachercharlotte.blogspot.be\/<\/em><\/strong><\/a><\/p>\n<p>&nbsp;<\/p>\n<h2>Trousse &amp; cartable<\/h2>\n<p>Des trucs et des bidules et beaucoup de ressources pour le primaire<\/p>\n<p><a href=\"http:\/\/trousseetcartable.blogspot.be\/\"><strong><em>http:\/\/trousseetcartable.blogspot.be\/<\/em><\/strong><\/a><\/p>\n<p>&nbsp;<\/p>\n<h2>Trousse de billes<\/h2>\n<p>Le site d&rsquo;une enseignante du primaire qui propose des fiches utilisables \u00e0 l\u2019ann\u00e9e ou \u00e0 la carte<\/p>\n<p><a href=\"http:\/\/troussedebilles.free.fr\/\"><strong><em>http:\/\/troussedebilles.free.fr\/<\/em><\/strong><\/a><\/p>\n<p>&nbsp;<\/p>\n<h2>Zoutils<\/h2>\n<p>Documents et ressources pour le primaire et plus sp\u00e9cialement pour le ce1 (2e primaire)<\/p>\n<p><a href=\"http:\/\/zoutils.ek.la\/\"><strong><em>http:\/\/zoutils.ek.la\/<\/em><\/strong><\/a><\/p>\n<p>&nbsp;<\/p>\n<p>&nbsp;<\/p>\n<p>&nbsp;<\/p>\n<p>&nbsp;<\/p>\n","protected":false},"excerpt":{"rendered":"<p>Une s\u00e9lection de sites internet pour l&rsquo;enseignement primaire 40 sites \u00e0 (re)visiter pour trouver des id\u00e9es, des ressources, des outils, \u2026 pour le primaire &nbsp; &nbsp; Bout de gomme Un blog, une mine d\u2019or o\u00f9 on retrouve de splendides ressources pour le primaire http:\/\/boutdegomme.fr\/ &nbsp; Caracolus Le blog d&rsquo;un escargot farceur qui adore la lecture [&hellip;]<\/p>\n","protected":false},"author":2,"featured_media":0,"parent":0,"menu_order":0,"comment_status":"closed","ping_status":"closed","template":"","meta":{"jetpack_post_was_ever_published":false,"footnotes":""},"class_list":["post-443","page","type-page","status-publish","czr-hentry"],"jetpack_sharing_enabled":true,"jetpack_shortlink":"https:\/\/wp.me\/P6aRPV-79","jetpack-related-posts":[],"jetpack_likes_enabled":true,"_links":{"self":[{"href":"https:\/\/portaileduc.net\/website\/wp-json\/wp\/v2\/pages\/443","targetHints":{"allow":["GET"]}}],"collection":[{"href":"https:\/\/portaileduc.net\/website\/wp-json\/wp\/v2\/pages"}],"about":[{"href":"https:\/\/portaileduc.net\/website\/wp-json\/wp\/v2\/types\/page"}],"author":[{"embeddable":true,"href":"https:\/\/portaileduc.net\/website\/wp-json\/wp\/v2\/users\/2"}],"replies":[{"embeddable":true,"href":"https:\/\/portaileduc.net\/website\/wp-json\/wp\/v2\/comments?post=443"}],"version-history":[{"count":4,"href":"https:\/\/portaileduc.net\/website\/wp-json\/wp\/v2\/pages\/443\/revisions"}],"predecessor-version":[{"id":506,"href":"https:\/\/portaileduc.net\/website\/wp-json\/wp\/v2\/pages\/443\/revisions\/506"}],"wp:attachment":[{"href":"https:\/\/portaileduc.net\/website\/wp-json\/wp\/v2\/media?parent=443"}],"curies":[{"name":"wp","href":"https:\/\/api.w.org\/{rel}","templated":true}]}}