{"id":2174,"date":"2019-08-07T12:43:59","date_gmt":"2019-08-07T12:43:59","guid":{"rendered":"http:\/\/portaileduc.net\/website\/?page_id=2174"},"modified":"2020-11-14T10:10:36","modified_gmt":"2020-11-14T10:10:36","slug":"latelier-de-ludo","status":"publish","type":"page","link":"https:\/\/portaileduc.net\/website\/latelier-de-ludo\/","title":{"rendered":"L&rsquo;Atelier de Ludo"},"content":{"rendered":"<p><a href=\"http:\/\/portaileduc.net\/website\/latelier-de-ludo\/perso-pokemon-fini\/\" rel=\"attachment wp-att-4395\"><img data-recalc-dims=\"1\" loading=\"lazy\" decoding=\"async\" class=\"alignright wp-image-4395 size-medium\" src=\"https:\/\/i0.wp.com\/portaileduc.net\/website\/wp-content\/uploads\/2020\/11\/PERSO-POKEMON-FINI-212x300.png?resize=212%2C300\" alt=\"\" width=\"212\" height=\"300\" srcset=\"https:\/\/i0.wp.com\/portaileduc.net\/website\/wp-content\/uploads\/2020\/11\/PERSO-POKEMON-FINI.png?resize=212%2C300&amp;ssl=1 212w, https:\/\/i0.wp.com\/portaileduc.net\/website\/wp-content\/uploads\/2020\/11\/PERSO-POKEMON-FINI.png?resize=724%2C1024&amp;ssl=1 724w, https:\/\/i0.wp.com\/portaileduc.net\/website\/wp-content\/uploads\/2020\/11\/PERSO-POKEMON-FINI.png?resize=768%2C1086&amp;ssl=1 768w, https:\/\/i0.wp.com\/portaileduc.net\/website\/wp-content\/uploads\/2020\/11\/PERSO-POKEMON-FINI.png?resize=1086%2C1536&amp;ssl=1 1086w, https:\/\/i0.wp.com\/portaileduc.net\/website\/wp-content\/uploads\/2020\/11\/PERSO-POKEMON-FINI.png?resize=1448%2C2048&amp;ssl=1 1448w, https:\/\/i0.wp.com\/portaileduc.net\/website\/wp-content\/uploads\/2020\/11\/PERSO-POKEMON-FINI.png?resize=35%2C50&amp;ssl=1 35w, https:\/\/i0.wp.com\/portaileduc.net\/website\/wp-content\/uploads\/2020\/11\/PERSO-POKEMON-FINI.png?w=2280&amp;ssl=1 2280w\" sizes=\"auto, (max-width: 212px) 100vw, 212px\" \/><\/a>L&rsquo;Atelier de Ludo est un espace d\u00e9di\u00e9 au jeu, dans toutes ses dimensions. Jeu de plateau, Escape Game (p\u00e9dagogique), jeu vid\u00e9o, &#8230;<\/p>\n<p>&nbsp;<\/p>\n<p>Nous partagerons dans cet espace nos trouvailles, nos coups de c\u0153ur mais aussi des pistes pour explorer et exploiter le jeu en classe et\/ou en formation.<\/p>\n<p>&nbsp;<\/p>\n<div class=\"SnapLinksContainer\" style=\"margin-left: 0px; margin-top: 0px; display: none;\">\n<div class=\"SL_SelectionRect\">\n<div class=\"SL_SelectionLabel\"><\/div>\n<\/div>\n<p><!-- Used for easily cloning the properly namespaced rect --><\/p>\n<\/div>\n","protected":false},"excerpt":{"rendered":"<p>L&rsquo;Atelier de Ludo est un espace d\u00e9di\u00e9 au jeu, dans toutes ses dimensions. Jeu de plateau, Escape Game (p\u00e9dagogique), jeu vid\u00e9o, &#8230; &nbsp; Nous partagerons dans cet espace nos trouvailles, nos coups de c\u0153ur mais aussi des pistes pour explorer et exploiter le jeu en classe et\/ou en formation. &nbsp;<\/p>\n","protected":false},"author":2,"featured_media":0,"parent":0,"menu_order":0,"comment_status":"closed","ping_status":"closed","template":"","meta":{"jetpack_post_was_ever_published":false,"footnotes":""},"class_list":["post-2174","page","type-page","status-publish","czr-hentry"],"jetpack_sharing_enabled":true,"jetpack_shortlink":"https:\/\/wp.me\/P6aRPV-z4","jetpack-related-posts":[],"jetpack_likes_enabled":true,"_links":{"self":[{"href":"https:\/\/portaileduc.net\/website\/wp-json\/wp\/v2\/pages\/2174","targetHints":{"allow":["GET"]}}],"collection":[{"href":"https:\/\/portaileduc.net\/website\/wp-json\/wp\/v2\/pages"}],"about":[{"href":"https:\/\/portaileduc.net\/website\/wp-json\/wp\/v2\/types\/page"}],"author":[{"embeddable":true,"href":"https:\/\/portaileduc.net\/website\/wp-json\/wp\/v2\/users\/2"}],"replies":[{"embeddable":true,"href":"https:\/\/portaileduc.net\/website\/wp-json\/wp\/v2\/comments?post=2174"}],"version-history":[{"count":6,"href":"https:\/\/portaileduc.net\/website\/wp-json\/wp\/v2\/pages\/2174\/revisions"}],"predecessor-version":[{"id":4396,"href":"https:\/\/portaileduc.net\/website\/wp-json\/wp\/v2\/pages\/2174\/revisions\/4396"}],"wp:attachment":[{"href":"https:\/\/portaileduc.net\/website\/wp-json\/wp\/v2\/media?parent=2174"}],"curies":[{"name":"wp","href":"https:\/\/api.w.org\/{rel}","templated":true}]}}