{"id":1673,"date":"2019-01-10T08:45:04","date_gmt":"2019-01-10T08:45:04","guid":{"rendered":"http:\/\/portaileduc.net\/website\/?page_id=1673"},"modified":"2020-12-30T19:57:41","modified_gmt":"2020-12-30T19:57:41","slug":"asbl-portaileduc","status":"publish","type":"page","link":"https:\/\/portaileduc.net\/website\/asbl-portaileduc\/","title":{"rendered":"L&rsquo;asbl PortailEduc"},"content":{"rendered":"<p>Depuis janvier 2019, PortailEduc s&rsquo;est structur\u00e9 sous forme d&rsquo;asbl (association sans but lucratif).<\/p>\n<p>Nos missions et nos objectifs s&rsquo;inscrivent dans la droite ligne des actions men\u00e9es jusqu&rsquo;\u00e0 pr\u00e9sent, \u00e0 savoir<\/p>\n<ul>\n<li>L\u2019accompagnement et le soutien de toute d\u00e9marche p\u00e9dagogique visant l\u2019utilisation ou l\u2019int\u00e9gration du num\u00e9rique dans les actions de formation et d&rsquo;enseignement<\/li>\n<li>La production, la valorisation, la collecte et l\u2019\u00e9change de ressources \u00e9ducatives dans une vis\u00e9e p\u00e9dagogique, recourant ou non aux outils num\u00e9riques<\/li>\n<li>La promotion de l\u2019utilisation du num\u00e9rique dans le cadre de l\u2019enseignement et de la formation<\/li>\n<li>L&rsquo;accompagnement et la valorisation de la recherche dans les domaines de la p\u00e9dagogie et du num\u00e9rique<\/li>\n<\/ul>\n<p>Outre la poursuite de nos activit\u00e9s en ligne (site, page Facebook, &#8230;), nous envisageons aussi d&rsquo;autres actions et notamment :<\/p>\n<ul>\n<li>Des activit\u00e9s de formation, de soutien et d\u2019accompagnement \u00e0 l\u2019utilisation du num\u00e9rique, de l\u2019informatique et des technologies de l\u2019information et de la communication dans le cadre de l\u2019enseignement et de la formation<\/li>\n<li>L\u2019organisation d\u2019activit\u00e9s et d\u2019\u00e9v\u00e9nements promouvant les approches p\u00e9dagogiques, l&rsquo;usage du num\u00e9rique dans le cadre de l\u2019enseignement et de la formation<\/li>\n<li>La cr\u00e9ation de ressources documentaires et\/ou p\u00e9dagogiques sur l\u2019utilisation du num\u00e9rique dans le cadre de l\u2019enseignement et de la formation<\/li>\n<\/ul>\n<p>&nbsp;<\/p>\n<p>L&rsquo;\u00e9quipe de PortailEduc pourra compter, pour mener \u00e0 bien ces projets, sur de nombreux partenaires dont :<\/p>\n<ul>\n<li>Biblioth\u00e8ques Sans Fronti\u00e8res<\/li>\n<li>Khan Acamedy<\/li>\n<li>Cyber H\u00e9ros \u2013 Cyber Simple<\/li>\n<li>L&rsquo;Edulab<\/li>\n<li>asbl CHOQ<\/li>\n<\/ul>\n<p>Le pr\u00e9sident de l&rsquo;asbl PortailEduc est Maxime Duquesnoy.<\/p>\n<p>Nos statuts ont \u00e9t\u00e9 publi\u00e9 au Moniteur et sont consultables sur <a href=\"http:\/\/www.moniteur.be\">www.moniteur.be<\/a><\/p>\n<hr \/>\n<h2>Nous soutenir<\/h2>\n<p>Pour nous apporter votre soutien, vous pouvez consulter notre page sur Bonnescauses.be<\/p>\n<p><a href=\"https:\/\/www.bonnescauses.be\/organisation\/?id=0717875026\">https:\/\/www.bonnescauses.be\/organisation\/?id=0717875026<\/a><\/p>\n","protected":false},"excerpt":{"rendered":"<p>Depuis janvier 2019, PortailEduc s&rsquo;est structur\u00e9 sous forme d&rsquo;asbl (association sans but lucratif). Nos missions et nos objectifs s&rsquo;inscrivent dans la droite ligne des actions men\u00e9es jusqu&rsquo;\u00e0 pr\u00e9sent, \u00e0 savoir L\u2019accompagnement et le soutien de toute d\u00e9marche p\u00e9dagogique visant l\u2019utilisation ou l\u2019int\u00e9gration du num\u00e9rique dans les actions de formation et d&rsquo;enseignement La production, la valorisation, [&hellip;]<\/p>\n","protected":false},"author":2,"featured_media":0,"parent":0,"menu_order":0,"comment_status":"closed","ping_status":"closed","template":"","meta":{"jetpack_post_was_ever_published":false,"footnotes":""},"class_list":["post-1673","page","type-page","status-publish","czr-hentry"],"jetpack_sharing_enabled":true,"jetpack_shortlink":"https:\/\/wp.me\/P6aRPV-qZ","jetpack-related-posts":[],"jetpack_likes_enabled":true,"_links":{"self":[{"href":"https:\/\/portaileduc.net\/website\/wp-json\/wp\/v2\/pages\/1673","targetHints":{"allow":["GET"]}}],"collection":[{"href":"https:\/\/portaileduc.net\/website\/wp-json\/wp\/v2\/pages"}],"about":[{"href":"https:\/\/portaileduc.net\/website\/wp-json\/wp\/v2\/types\/page"}],"author":[{"embeddable":true,"href":"https:\/\/portaileduc.net\/website\/wp-json\/wp\/v2\/users\/2"}],"replies":[{"embeddable":true,"href":"https:\/\/portaileduc.net\/website\/wp-json\/wp\/v2\/comments?post=1673"}],"version-history":[{"count":5,"href":"https:\/\/portaileduc.net\/website\/wp-json\/wp\/v2\/pages\/1673\/revisions"}],"predecessor-version":[{"id":4840,"href":"https:\/\/portaileduc.net\/website\/wp-json\/wp\/v2\/pages\/1673\/revisions\/4840"}],"wp:attachment":[{"href":"https:\/\/portaileduc.net\/website\/wp-json\/wp\/v2\/media?parent=1673"}],"curies":[{"name":"wp","href":"https:\/\/api.w.org\/{rel}","templated":true}]}}